{"id":20240,"date":"2021-08-23T12:18:42","date_gmt":"2021-08-23T10:18:42","guid":{"rendered":"https:\/\/gardair.it\/?page_id=20240"},"modified":"2021-10-11T17:28:10","modified_gmt":"2021-10-11T15:28:10","slug":"diffuseur-a-gicleur-a-lancement-profond-dut","status":"publish","type":"page","link":"https:\/\/gardair.it\/fr\/diffusion\/diffusion-air\/diffuseur-a-gicleur-a-lancement-profond-dut\/","title":{"rendered":"Diffuseur \u00e0 gicleur \u00e0 lancement profond DUT"},"content":{"rendered":"<div class=\"wpb-content-wrapper\">[vc_section full_width=\u00a0\u00bbstretch_row\u00a0\u00bb content_placement=\u00a0\u00bbmiddle\u00a0\u00bb pix_over_visibility=\u00a0\u00bb\u00a0\u00bb pix_visibility=\u00a0\u00bb1&Prime; bottom_divider_color=\u00a0\u00bb\u00a0\u00bb css=\u00a0\u00bb.vc_custom_1626163946602{background-color: #ffffff !important;}\u00a0\u00bb][vc_row full_width=\u00a0\u00bbstretch_row\u00a0\u00bb gap=\u00a0\u00bb30&Prime; content_placement=\u00a0\u00bbmiddle\u00a0\u00bb pix_particles_check=\u00a0\u00bb\u00a0\u00bb][vc_column width=\u00a0\u00bb1\/2&Prime; offset=\u00a0\u00bbvc_hidden-sm vc_hidden-xs\u00a0\u00bb]<div id=\"1627640380708-b3a9c143-9ad1\" class=\"pix-feature-el media \"><div class=\"feature_img  mr-3 animate-in\" data-anim-type=\"fade-in-up\" data-anim-delay=\"600\" style=\"width:30px;height:auto;display:inline-block;position:relative;\"><img decoding=\"async\" style=\"width:30px;height:30px;\" class=\"img-fluid2 pix-fit-cover \" src=\"https:\/\/gardair.it\/wp-content\/uploads\/2021\/06\/icona-diffusione-gardair.png\" alt=\"Diffusion\"><\/div><div class=\"media-body text-left\"><h5 class=\"font-weight-bold  secondary-font text-heading-default animate-in \" style=\"\" data-anim-type=\"fade-in-up\" data-anim-delay=\"700\">Diffusion<\/h5><div class=\"text-text-gray text-18     animate-in\" style=\"\" data-anim-type=\"fade-in-up\" data-anim-delay=\"800\"><\/div><\/div><\/div>[vc_empty_space height=\u00a0\u00bb30px\u00a0\u00bb]<div id=\"sliding-text-161278767\" class=\"mb-3 text-left \"><h2 class=\"mb-32 pix-sliding-headline-2 animate-in font-weight-bold secondary-font \" data-anim-type=\"pix-sliding-text\" pix-anim-delay=\"500\" data-class=\"secondary-font text-heading-default\" style=\"\"><span class=\"slide-in-container \"><span class=\"pix-sliding-item secondary-font text-heading-default\" style=\"transition-delay: 0ms;\">Diffuseur&#32;<\/span><\/span> <span class=\"slide-in-container \"><span class=\"pix-sliding-item secondary-font text-heading-default\" style=\"transition-delay: 150ms;\">\u00e0&#32;<\/span><\/span> <span class=\"slide-in-container \"><span class=\"pix-sliding-item secondary-font text-heading-default\" style=\"transition-delay: 300ms;\">gicleur&#32;<\/span><\/span> <span class=\"slide-in-container \"><span class=\"pix-sliding-item secondary-font text-heading-default\" style=\"transition-delay: 450ms;\">\u00e0&#32;<\/span><\/span> <span class=\"slide-in-container \"><span class=\"pix-sliding-item secondary-font text-heading-default\" style=\"transition-delay: 600ms;\">lancement&#32;<\/span><\/span> <span class=\"slide-in-container \"><span class=\"pix-sliding-item secondary-font text-heading-default\" style=\"transition-delay: 750ms;\">profond&#32;<\/span><\/span> <span class=\"slide-in-container \"><span class=\"pix-sliding-item secondary-font text-heading-default\" style=\"transition-delay: 900ms;\">DUT&#32;<\/span><\/span> <\/h2><\/div><div id=\"1627640380779-c8dc91d9-2e88\" class=\"pix-feature-el text-left \"><h6 class=\"font-weight-bold  secondary-font text-heading-default animate-in\" style=\"\" data-anim-type=\"fade-in-up\" data-anim-delay=\"700\"><\/h6><div class=\"text-body-default      animate-in\" style=\"padding-top:10px;\" data-anim-type=\"fade-in-up\" data-anim-delay=\"800\">Diffuseur \u00e0 gicleur \u00e0 lancement profond, orientable automatiquement par l&rsquo;interm\u00e9diaire d&rsquo;actuateur thermostatique.<\/div><\/div>[vc_empty_space height=\u00a0\u00bb30px\u00a0\u00bb]<a  href=\"https:\/\/gardair.it\/wp-content\/uploads\/schede\/DUT.pdf\" class=\"btn mb-2     btn-primary d-inline-flex align-items-center      animate-in btn-md\" target=\"_blank\" rel=\"noopener\"  data-anim-type=\"fade-in-up\" data-anim-delay=\"0\" ><span class=\"font-weight-bold \" >T\u00e9l\u00e9charger la fiche produit<\/span><\/a>[\/vc_column][vc_column width=\u00a0\u00bb1\/2&Prime; offset=\u00a0\u00bbvc_hidden-sm vc_hidden-xs\u00a0\u00bb]<div class=\"pix-img-element d-inline-block \" style=\"width:100%;\"><div class=\"pix-img-el    text-center d-inline-block  w-100 rounded-lg\"  ><img loading=\"lazy\" decoding=\"async\" class=\"card-img2 pix-img-elem rounded-lg  h-1002\" style=\"width:100%;height:auto;\" width=\"1000\" height=\"1000\" srcset=\"https:\/\/gardair.it\/wp-content\/uploads\/2021\/07\/du.png 1000w, https:\/\/gardair.it\/wp-content\/uploads\/2021\/07\/du-300x300.png 300w, https:\/\/gardair.it\/wp-content\/uploads\/2021\/07\/du-150x150.png 150w, https:\/\/gardair.it\/wp-content\/uploads\/2021\/07\/du-768x768.png 768w, https:\/\/gardair.it\/wp-content\/uploads\/2021\/07\/du-400x400.png 400w, https:\/\/gardair.it\/wp-content\/uploads\/2021\/07\/du-75x75.png 75w, https:\/\/gardair.it\/wp-content\/uploads\/2021\/07\/du-460x460.png 460w\" sizes=\"auto, (max-width: 1000px) 100vw, 1000px\" src=\"https:\/\/gardair.it\/wp-content\/uploads\/2021\/07\/du.png\" alt=\"Image link\" \/><\/div><\/div>[\/vc_column][\/vc_row][vc_row full_width=\u00a0\u00bbstretch_row\u00a0\u00bb gap=\u00a0\u00bb30&Prime; content_placement=\u00a0\u00bbmiddle\u00a0\u00bb pix_particles_check=\u00a0\u00bb\u00a0\u00bb][vc_column offset=\u00a0\u00bbvc_hidden-lg vc_hidden-md\u00a0\u00bb]<div class=\"pix-img-element d-inline-block \" style=\"width:100%;\"><div class=\"pix-img-el    text-center d-inline-block  w-100 rounded-lg\"  ><img loading=\"lazy\" decoding=\"async\" class=\"card-img2 pix-img-elem rounded-lg  h-1002\" style=\"width:100%;height:auto;\" width=\"1000\" height=\"1000\" srcset=\"https:\/\/gardair.it\/wp-content\/uploads\/2021\/07\/du.png 1000w, https:\/\/gardair.it\/wp-content\/uploads\/2021\/07\/du-300x300.png 300w, https:\/\/gardair.it\/wp-content\/uploads\/2021\/07\/du-150x150.png 150w, https:\/\/gardair.it\/wp-content\/uploads\/2021\/07\/du-768x768.png 768w, https:\/\/gardair.it\/wp-content\/uploads\/2021\/07\/du-400x400.png 400w, https:\/\/gardair.it\/wp-content\/uploads\/2021\/07\/du-75x75.png 75w, https:\/\/gardair.it\/wp-content\/uploads\/2021\/07\/du-460x460.png 460w\" sizes=\"auto, (max-width: 1000px) 100vw, 1000px\" src=\"https:\/\/gardair.it\/wp-content\/uploads\/2021\/07\/du.png\" alt=\"Image link\" \/><\/div><\/div><div id=\"1623845942988-ffce4964-e583\" class=\"pix-feature-el media \"><div class=\"feature_img  mr-3 animate-in\" data-anim-type=\"fade-in-up\" data-anim-delay=\"600\" style=\"width:30px;height:auto;display:inline-block;position:relative;\"><img decoding=\"async\" style=\"width:30px;height:30px;\" class=\"img-fluid2 pix-fit-cover \" src=\"https:\/\/gardair.it\/wp-content\/uploads\/2021\/06\/icona-diffusione-gardair.png\" alt=\"Diffusion\"><\/div><div class=\"media-body text-left\"><h5 class=\"font-weight-bold  secondary-font text-heading-default animate-in \" style=\"\" data-anim-type=\"fade-in-up\" data-anim-delay=\"700\">Diffusion<\/h5><div class=\"text-text-gray text-18     animate-in\" style=\"\" data-anim-type=\"fade-in-up\" data-anim-delay=\"800\"><\/div><\/div><\/div>[vc_empty_space height=\u00a0\u00bb20px\u00a0\u00bb]<div id=\"sliding-text-114125767\" class=\"mb-3 text-left \"><h2 class=\"mb-32 pix-sliding-headline-2 animate-in font-weight-bold secondary-font \" data-anim-type=\"pix-sliding-text\" pix-anim-delay=\"500\" data-class=\"secondary-font text-heading-default\" style=\"\"><span class=\"slide-in-container \"><span class=\"pix-sliding-item secondary-font text-heading-default\" style=\"transition-delay: 0ms;\">Diffuseur&#32;<\/span><\/span> <span class=\"slide-in-container \"><span class=\"pix-sliding-item secondary-font text-heading-default\" style=\"transition-delay: 150ms;\">\u00e0&#32;<\/span><\/span> <span class=\"slide-in-container \"><span class=\"pix-sliding-item secondary-font text-heading-default\" style=\"transition-delay: 300ms;\">gicleur&#32;<\/span><\/span> <span class=\"slide-in-container \"><span class=\"pix-sliding-item secondary-font text-heading-default\" style=\"transition-delay: 450ms;\">\u00e0&#32;<\/span><\/span> <span class=\"slide-in-container \"><span class=\"pix-sliding-item secondary-font text-heading-default\" style=\"transition-delay: 600ms;\">lancement&#32;<\/span><\/span> <span class=\"slide-in-container \"><span class=\"pix-sliding-item secondary-font text-heading-default\" style=\"transition-delay: 750ms;\">profond&#32;<\/span><\/span> <span class=\"slide-in-container \"><span class=\"pix-sliding-item secondary-font text-heading-default\" style=\"transition-delay: 900ms;\">DUT&#32;<\/span><\/span> <\/h2><\/div><div id=\"1623833569693-b47fa36e-9e0b\" class=\"pix-feature-el text-left \"><h6 class=\"font-weight-bold  secondary-font text-heading-default animate-in\" style=\"\" data-anim-type=\"fade-in-up\" data-anim-delay=\"700\"><\/h6><div class=\"text-body-default      animate-in\" style=\"padding-top:10px;\" data-anim-type=\"fade-in-up\" data-anim-delay=\"800\">Diffuseur \u00e0 gicleur \u00e0 lancement profond, orientable automatiquement par l&rsquo;interm\u00e9diaire d&rsquo;actuateur thermostatique.<\/div><\/div>[vc_empty_space height=\u00a0\u00bb20px\u00a0\u00bb]<a  href=\"https:\/\/gardair.it\/wp-content\/uploads\/schede\/DUT.pdf\" class=\"btn mb-2     btn-primary d-inline-flex align-items-center      animate-in btn-md\" target=\"_blank\" rel=\"noopener\"  data-anim-type=\"fade-in-up\" data-anim-delay=\"0\" ><span class=\"font-weight-bold \" >T\u00e9l\u00e9charger la fiche produit<\/span><\/a>[\/vc_column][\/vc_row][vc_row pix_particles_check=\u00a0\u00bb\u00a0\u00bb][vc_column offset=\u00a0\u00bbvc_hidden-sm vc_hidden-xs\u00a0\u00bb][vc_empty_space height=\u00a0\u00bb100px\u00a0\u00bb][\/vc_column][vc_column offset=\u00a0\u00bbvc_hidden-lg vc_hidden-md\u00a0\u00bb][vc_empty_space height=\u00a0\u00bb50px\u00a0\u00bb][\/vc_column][\/vc_row][vc_row content_placement=\u00a0\u00bbtop\u00a0\u00bb pix_particles_check=\u00a0\u00bb\u00a0\u00bb css=\u00a0\u00bb.vc_custom_1627640453987{padding-right: 15px !important;padding-left: 15px !important;}\u00a0\u00bb][vc_column]<div id=\"1623770941561-b7919f89-de76\" class=\"pix-feature-el text-left \"><h6 class=\"font-weight-bold  secondary-font text-heading-default animate-in\" style=\"\" data-anim-type=\"fade-in-up\" data-anim-delay=\"700\">Caract\u00e9ristiques:<\/h6><div class=\"text-text-gray      animate-in\" style=\"padding-top:10px;\" data-anim-type=\"fade-in-up\" data-anim-delay=\"800\"><\/div><\/div>[\/vc_column][\/vc_row][vc_row pix_particles_check=\u00a0\u00bb\u00a0\u00bb][vc_column][vc_empty_space height=\u00a0\u00bb20px\u00a0\u00bb][\/vc_column][\/vc_row][vc_row full_width=\u00a0\u00bbstretch_row\u00a0\u00bb gap=\u00a0\u00bb30&Prime; content_placement=\u00a0\u00bbtop\u00a0\u00bb pix_particles_check=\u00a0\u00bb\u00a0\u00bb][vc_column width=\u00a0\u00bb1\/2&Prime;]<div id=\"1623770756714-7a421be6-c97e\" class=\"pix-feature-el media \"><div class=\"rounded-circle mr-3 d-inline-block2 d-inline-flex align-items-center justify-content-center line-height-0 mw-100 bg-primary-light animate-in\" data-anim-type=\"fade-in-up\" data-anim-delay=\"600\" style=\" width:64.8px;aspect-ratio:1\/1 !important;position:relative;text-align:center;\"><div class=\"text-primary\" style=\"display:inline-block;font-size:36px;width:36px;height:36px;font-size:36px;\"><svg class=\"pixfort-icon \" width=\"24\" height=\"24\"  data-name=\"Line\/pixfort-icon-bookmark-4\" viewBox=\"2 2 20 20\"><path fill=\"none\" stroke=\"var(--pf-icon-color)\" stroke-linecap=\"round\" stroke-linejoin=\"round\" stroke-width=\"var(--pf-icon-stroke-width)\" d=\"M12,21 C9,19.38 6,18.9875 3,20 L3,6 C6,4.38 9,4.9875 12,6 M18.0014259,5.05516054 C19.0009506,5.16777811 20.0004753,5.46025667 21,6 L21,20 C18,18.9875 15,19.38 12,21 M12,6 C12.6125869,4.3601317 14.6125869,3.3601317 18,3 L18,17 C14.4375312,17.4017205 12.4375312,18.7350538 12,21 L12,6 Z\"\/><\/svg><\/div><\/div><div class=\"media-body text-left\"><h6 class=\"font-weight-bold  secondary-font text-heading-default animate-in \" style=\"\" data-anim-type=\"fade-in-up\" data-anim-delay=\"700\">Mat\u00e9riau ou cadre:<\/h6><div class=\"text-body-default      animate-in\" style=\"padding-top:10px;\" data-anim-type=\"fade-in-up\" data-anim-delay=\"800\">Corps de buse en aluminium<\/div><\/div><\/div>[\/vc_column][vc_column width=\u00a0\u00bb1\/2&Prime;][\/vc_column][\/vc_row][\/vc_section][vc_row pix_particles_check=\u00a0\u00bb\u00a0\u00bb][vc_column][vc_empty_space height=\u00a0\u00bb80px\u00a0\u00bb][\/vc_column][\/vc_row]<\/div>","protected":false},"excerpt":{"rendered":"[vc_section full_width=\u00a0\u00bbstretch_row\u00a0\u00bb content_placement=\u00a0\u00bbmiddle\u00a0\u00bb pix_over_visibility=\u00a0\u00bb\u00a0\u00bb pix_visibility=\u00a0\u00bb1&Prime; bottom_divider_color=\u00a0\u00bb\u00a0\u00bb css=\u00a0\u00bb.vc_custom_1626163946602{background-color: #ffffff !important;}\u00a0\u00bb][vc_row full_width=\u00a0\u00bbstretch_row\u00a0\u00bb gap=\u00a0\u00bb30&Prime; content_placement=\u00a0\u00bbmiddle\u00a0\u00bb pix_particles_check=\u00a0\u00bb\u00a0\u00bb][vc_column width=\u00a0\u00bb1\/2&Prime; offset=\u00a0\u00bbvc_hidden-sm vc_hidden-xs\u00a0\u00bb][vc_empty_space height=\u00a0\u00bb30px\u00a0\u00bb][vc_empty_space height=\u00a0\u00bb30px\u00a0\u00bb][\/vc_column][vc_column width=\u00a0\u00bb1\/2&Prime; offset=\u00a0\u00bbvc_hidden-sm vc_hidden-xs\u00a0\u00bb][\/vc_column][\/vc_row][vc_row full_width=\u00a0\u00bbstretch_row\u00a0\u00bb gap=\u00a0\u00bb30&Prime; content_placement=\u00a0\u00bbmiddle\u00a0\u00bb pix_particles_check=\u00a0\u00bb\u00a0\u00bb][vc_column offset=\u00a0\u00bbvc_hidden-lg vc_hidden-md\u00a0\u00bb][vc_empty_space height=\u00a0\u00bb20px\u00a0\u00bb][vc_empty_space height=\u00a0\u00bb20px\u00a0\u00bb][\/vc_column][\/vc_row][vc_row pix_particles_check=\u00a0\u00bb\u00a0\u00bb][vc_column offset=\u00a0\u00bbvc_hidden-sm vc_hidden-xs\u00a0\u00bb][vc_empty_space height=\u00a0\u00bb100px\u00a0\u00bb][\/vc_column][vc_column offset=\u00a0\u00bbvc_hidden-lg vc_hidden-md\u00a0\u00bb][vc_empty_space height=\u00a0\u00bb50px\u00a0\u00bb][\/vc_column][\/vc_row][vc_row content_placement=\u00a0\u00bbtop\u00a0\u00bb pix_particles_check=\u00a0\u00bb\u00a0\u00bb css=\u00a0\u00bb.vc_custom_1627640453987{padding-right: 15px&#8230;","protected":false},"author":1,"featured_media":0,"parent":19686,"menu_order":0,"comment_status":"closed","ping_status":"closed","template":"","meta":{"_joinchat":[],"footnotes":""},"class_list":["post-20240","page","type-page","status-publish","hentry"],"_links":{"self":[{"href":"https:\/\/gardair.it\/fr\/wp-json\/wp\/v2\/pages\/20240","targetHints":{"allow":["GET"]}}],"collection":[{"href":"https:\/\/gardair.it\/fr\/wp-json\/wp\/v2\/pages"}],"about":[{"href":"https:\/\/gardair.it\/fr\/wp-json\/wp\/v2\/types\/page"}],"author":[{"embeddable":true,"href":"https:\/\/gardair.it\/fr\/wp-json\/wp\/v2\/users\/1"}],"replies":[{"embeddable":true,"href":"https:\/\/gardair.it\/fr\/wp-json\/wp\/v2\/comments?post=20240"}],"version-history":[{"count":3,"href":"https:\/\/gardair.it\/fr\/wp-json\/wp\/v2\/pages\/20240\/revisions"}],"predecessor-version":[{"id":20244,"href":"https:\/\/gardair.it\/fr\/wp-json\/wp\/v2\/pages\/20240\/revisions\/20244"}],"up":[{"embeddable":true,"href":"https:\/\/gardair.it\/fr\/wp-json\/wp\/v2\/pages\/19686"}],"wp:attachment":[{"href":"https:\/\/gardair.it\/fr\/wp-json\/wp\/v2\/media?parent=20240"}],"curies":[{"name":"wp","href":"https:\/\/api.w.org\/{rel}","templated":true}]}}