{"id":20363,"date":"2021-08-23T15:50:54","date_gmt":"2021-08-23T13:50:54","guid":{"rendered":"https:\/\/gardair.it\/?page_id=20363"},"modified":"2021-10-18T14:29:13","modified_gmt":"2021-10-18T12:29:13","slug":"ventilateur-a-simple-aspiration-en-boite-small","status":"publish","type":"page","link":"https:\/\/gardair.it\/fr\/ventilation\/extractuers-air\/ventilateur-a-simple-aspiration-en-boite-small\/","title":{"rendered":"Ventilateur \u00e0 simple aspiration en bo\u00eete SMALL"},"content":{"rendered":"<div class=\"wpb-content-wrapper\">[vc_section full_width=\u00a0\u00bbstretch_row\u00a0\u00bb content_placement=\u00a0\u00bbmiddle\u00a0\u00bb pix_over_visibility=\u00a0\u00bb\u00a0\u00bb pix_visibility=\u00a0\u00bb1&Prime; bottom_divider_color=\u00a0\u00bb\u00a0\u00bb css=\u00a0\u00bb.vc_custom_1626160379329{background-color: #ffffff !important;}\u00a0\u00bb][vc_row full_width=\u00a0\u00bbstretch_row\u00a0\u00bb gap=\u00a0\u00bb30&Prime; content_placement=\u00a0\u00bbmiddle\u00a0\u00bb pix_particles_check=\u00a0\u00bb\u00a0\u00bb][vc_column width=\u00a0\u00bb1\/2&Prime; offset=\u00a0\u00bbvc_hidden-sm vc_hidden-xs\u00a0\u00bb]<div id=\"1623845942988-ffce4964-e583\" class=\"pix-feature-el media \"><div class=\"feature_img  mr-3 animate-in\" data-anim-type=\"fade-in-up\" data-anim-delay=\"600\" style=\"width:30px;height:auto;display:inline-block;position:relative;\"><img decoding=\"async\" style=\"width:30px;height:30px;\" class=\"img-fluid2 pix-fit-cover \" src=\"https:\/\/gardair.it\/wp-content\/uploads\/2021\/06\/icona-ventilazione-gardair.png\" alt=\"Ventilation\"><\/div><div class=\"media-body text-left\"><h5 class=\"font-weight-bold  secondary-font text-heading-default animate-in \" style=\"\" data-anim-type=\"fade-in-up\" data-anim-delay=\"700\">Ventilation<\/h5><div class=\"text-text-gray text-18     animate-in\" style=\"\" data-anim-type=\"fade-in-up\" data-anim-delay=\"800\"><\/div><\/div><\/div>[vc_empty_space height=\u00a0\u00bb30px\u00a0\u00bb]<div id=\"sliding-text-77376054\" class=\"mb-3 text-left \"><h2 class=\"mb-32 pix-sliding-headline-2 animate-in font-weight-bold secondary-font \" data-anim-type=\"pix-sliding-text\" pix-anim-delay=\"500\" data-class=\"secondary-font text-heading-default\" style=\"\"><span class=\"slide-in-container \"><span class=\"pix-sliding-item secondary-font text-heading-default\" style=\"transition-delay: 0ms;\">Ventilateur&#32;<\/span><\/span> <span class=\"slide-in-container \"><span class=\"pix-sliding-item secondary-font text-heading-default\" style=\"transition-delay: 150ms;\">\u00e0&#32;<\/span><\/span> <span class=\"slide-in-container \"><span class=\"pix-sliding-item secondary-font text-heading-default\" style=\"transition-delay: 300ms;\">simple&#32;<\/span><\/span> <span class=\"slide-in-container \"><span class=\"pix-sliding-item secondary-font text-heading-default\" style=\"transition-delay: 450ms;\">aspiration&#32;<\/span><\/span> <span class=\"slide-in-container \"><span class=\"pix-sliding-item secondary-font text-heading-default\" style=\"transition-delay: 600ms;\">en&#32;<\/span><\/span> <span class=\"slide-in-container \"><span class=\"pix-sliding-item secondary-font text-heading-default\" style=\"transition-delay: 750ms;\">bo\u00eete&#32;<\/span><\/span> <span class=\"slide-in-container \"><span class=\"pix-sliding-item secondary-font text-heading-default\" style=\"transition-delay: 900ms;\">SMALL&#32;<\/span><\/span> <\/h2><\/div><div id=\"1623833569693-b47fa36e-9e0b\" class=\"pix-feature-el text-left \"><h6 class=\"font-weight-bold  secondary-font text-heading-default animate-in\" style=\"\" data-anim-type=\"fade-in-up\" data-anim-delay=\"700\"><\/h6><div class=\"text-body-default      animate-in\" style=\"padding-top:10px;\" data-anim-type=\"fade-in-up\" data-anim-delay=\"800\">Ventilateur \u00e0 simple aspiration en bo\u00eete<\/div><\/div>[vc_empty_space height=\u00a0\u00bb30px\u00a0\u00bb]<div id=\"1625037260261-b39f885c-cec8\" class=\"pix-feature-el text-left \"><h6 class=\"font-weight-bold  secondary-font text-heading-default animate-in\" style=\"\" data-anim-type=\"fade-in-up\" data-anim-delay=\"700\"><\/h6><div class=\"text-body-default      animate-in\" style=\"padding-top:10px;\" data-anim-type=\"fade-in-up\" data-anim-delay=\"800\">Ch\u00e2ssis aluminium, panneaux t\u00f4le galvanis\u00e9e, panneau insonore<\/div><\/div>[vc_empty_space height=\u00a0\u00bb30px\u00a0\u00bb][vc_column_text css_animation=\u00a0\u00bbfadeInUp\u00a0\u00bb]<div class=\"content-control-container jp-cc content-control-not-accessible jp-cc-not-accessible\"><\/div>[\/vc_column_text][\/vc_column][vc_column width=\u00a0\u00bb1\/2&Prime; offset=\u00a0\u00bbvc_hidden-sm vc_hidden-xs\u00a0\u00bb]<div class=\"pix-img-element d-inline-block \" style=\"width:100%;\"><div class=\"pix-img-el    text-center d-inline-block  w-100 rounded-lg\"  ><img loading=\"lazy\" decoding=\"async\" class=\"card-img2 pix-img-elem rounded-lg  h-1002\" style=\"width:100%;height:auto;\" width=\"1000\" height=\"1000\" srcset=\"https:\/\/gardair.it\/wp-content\/uploads\/2021\/07\/small.png 1000w, https:\/\/gardair.it\/wp-content\/uploads\/2021\/07\/small-300x300.png 300w, https:\/\/gardair.it\/wp-content\/uploads\/2021\/07\/small-150x150.png 150w, https:\/\/gardair.it\/wp-content\/uploads\/2021\/07\/small-768x768.png 768w, https:\/\/gardair.it\/wp-content\/uploads\/2021\/07\/small-400x400.png 400w, https:\/\/gardair.it\/wp-content\/uploads\/2021\/07\/small-75x75.png 75w, https:\/\/gardair.it\/wp-content\/uploads\/2021\/07\/small-460x460.png 460w\" sizes=\"auto, (max-width: 1000px) 100vw, 1000px\" src=\"https:\/\/gardair.it\/wp-content\/uploads\/2021\/07\/small.png\" alt=\"Image link\" \/><\/div><\/div>[\/vc_column][\/vc_row][vc_row full_width=\u00a0\u00bbstretch_row\u00a0\u00bb gap=\u00a0\u00bb30&Prime; content_placement=\u00a0\u00bbmiddle\u00a0\u00bb pix_particles_check=\u00a0\u00bb\u00a0\u00bb][vc_column offset=\u00a0\u00bbvc_hidden-lg vc_hidden-md\u00a0\u00bb]<div class=\"pix-img-element d-inline-block \" style=\"width:100%;\"><div class=\"pix-img-el    text-center d-inline-block  w-100 rounded-lg\"  ><img loading=\"lazy\" decoding=\"async\" class=\"card-img2 pix-img-elem rounded-lg  h-1002\" style=\"width:100%;height:auto;\" width=\"1000\" height=\"1000\" srcset=\"https:\/\/gardair.it\/wp-content\/uploads\/2021\/07\/small.png 1000w, https:\/\/gardair.it\/wp-content\/uploads\/2021\/07\/small-300x300.png 300w, https:\/\/gardair.it\/wp-content\/uploads\/2021\/07\/small-150x150.png 150w, https:\/\/gardair.it\/wp-content\/uploads\/2021\/07\/small-768x768.png 768w, https:\/\/gardair.it\/wp-content\/uploads\/2021\/07\/small-400x400.png 400w, https:\/\/gardair.it\/wp-content\/uploads\/2021\/07\/small-75x75.png 75w, https:\/\/gardair.it\/wp-content\/uploads\/2021\/07\/small-460x460.png 460w\" sizes=\"auto, (max-width: 1000px) 100vw, 1000px\" src=\"https:\/\/gardair.it\/wp-content\/uploads\/2021\/07\/small.png\" alt=\"Image link\" \/><\/div><\/div><div id=\"1627642204061-8a4e97a1-39f3\" class=\"pix-feature-el media \"><div class=\"feature_img  mr-3 animate-in\" data-anim-type=\"fade-in-up\" data-anim-delay=\"600\" style=\"width:30px;height:auto;display:inline-block;position:relative;\"><img decoding=\"async\" style=\"width:30px;height:30px;\" class=\"img-fluid2 pix-fit-cover \" src=\"https:\/\/gardair.it\/wp-content\/uploads\/2021\/06\/icona-ventilazione-gardair.png\" alt=\"Ventilation\"><\/div><div class=\"media-body text-left\"><h5 class=\"font-weight-bold  secondary-font text-heading-default animate-in \" style=\"\" data-anim-type=\"fade-in-up\" data-anim-delay=\"700\">Ventilation<\/h5><div class=\"text-text-gray text-18     animate-in\" style=\"\" data-anim-type=\"fade-in-up\" data-anim-delay=\"800\"><\/div><\/div><\/div>[vc_empty_space height=\u00a0\u00bb20px\u00a0\u00bb]<div id=\"sliding-text-164567813\" class=\"mb-3 text-left \"><h2 class=\"mb-32 pix-sliding-headline-2 animate-in font-weight-bold secondary-font \" data-anim-type=\"pix-sliding-text\" pix-anim-delay=\"500\" data-class=\"secondary-font text-heading-default\" style=\"\"><span class=\"slide-in-container \"><span class=\"pix-sliding-item secondary-font text-heading-default\" style=\"transition-delay: 0ms;\">Ventilateur&#32;<\/span><\/span> <span class=\"slide-in-container \"><span class=\"pix-sliding-item secondary-font text-heading-default\" style=\"transition-delay: 150ms;\">\u00e0&#32;<\/span><\/span> <span class=\"slide-in-container \"><span class=\"pix-sliding-item secondary-font text-heading-default\" style=\"transition-delay: 300ms;\">simple&#32;<\/span><\/span> <span class=\"slide-in-container \"><span class=\"pix-sliding-item secondary-font text-heading-default\" style=\"transition-delay: 450ms;\">aspiration&#32;<\/span><\/span> <span class=\"slide-in-container \"><span class=\"pix-sliding-item secondary-font text-heading-default\" style=\"transition-delay: 600ms;\">en&#32;<\/span><\/span> <span class=\"slide-in-container \"><span class=\"pix-sliding-item secondary-font text-heading-default\" style=\"transition-delay: 750ms;\">bo\u00eete&#32;<\/span><\/span> <span class=\"slide-in-container \"><span class=\"pix-sliding-item secondary-font text-heading-default\" style=\"transition-delay: 900ms;\">SMALL&#32;<\/span><\/span> <\/h2><\/div><div id=\"1627642204120-0ac58a5c-aeee\" class=\"pix-feature-el text-left \"><h6 class=\"font-weight-bold  secondary-font text-heading-default animate-in\" style=\"\" data-anim-type=\"fade-in-up\" data-anim-delay=\"700\"><\/h6><div class=\"text-body-default      animate-in\" style=\"padding-top:10px;\" data-anim-type=\"fade-in-up\" data-anim-delay=\"800\">Ventilateur \u00e0 simple aspiration en bo\u00eete<\/div><\/div>[vc_empty_space height=\u00a0\u00bb20px\u00a0\u00bb]<div id=\"1627642204154-01a6d899-32db\" class=\"pix-feature-el text-left \"><h6 class=\"font-weight-bold  secondary-font text-heading-default animate-in\" style=\"\" data-anim-type=\"fade-in-up\" data-anim-delay=\"700\"><\/h6><div class=\"text-body-default      animate-in\" style=\"padding-top:10px;\" data-anim-type=\"fade-in-up\" data-anim-delay=\"800\">Ch\u00e2ssis aluminium, panneaux t\u00f4le galvanis\u00e9e, panneau insonore<\/div><\/div>[vc_empty_space height=\u00a0\u00bb20px\u00a0\u00bb][vc_column_text css_animation=\u00a0\u00bbfadeInUp\u00a0\u00bb]<div class=\"content-control-container jp-cc content-control-not-accessible jp-cc-not-accessible\"><\/div>[\/vc_column_text][\/vc_column][\/vc_row][\/vc_section]<\/div>","protected":false},"excerpt":{"rendered":"[vc_section full_width=\u00a0\u00bbstretch_row\u00a0\u00bb content_placement=\u00a0\u00bbmiddle\u00a0\u00bb pix_over_visibility=\u00a0\u00bb\u00a0\u00bb pix_visibility=\u00a0\u00bb1&Prime; bottom_divider_color=\u00a0\u00bb\u00a0\u00bb css=\u00a0\u00bb.vc_custom_1626160379329{background-color: #ffffff !important;}\u00a0\u00bb][vc_row full_width=\u00a0\u00bbstretch_row\u00a0\u00bb gap=\u00a0\u00bb30&Prime; content_placement=\u00a0\u00bbmiddle\u00a0\u00bb pix_particles_check=\u00a0\u00bb\u00a0\u00bb][vc_column width=\u00a0\u00bb1\/2&Prime; offset=\u00a0\u00bbvc_hidden-sm vc_hidden-xs\u00a0\u00bb][vc_empty_space height=\u00a0\u00bb30px\u00a0\u00bb][vc_empty_space height=\u00a0\u00bb30px\u00a0\u00bb][vc_empty_space height=\u00a0\u00bb30px\u00a0\u00bb][vc_column_text css_animation=\u00a0\u00bbfadeInUp\u00a0\u00bb][\/vc_column_text][\/vc_column][vc_column width=\u00a0\u00bb1\/2&Prime; offset=\u00a0\u00bbvc_hidden-sm vc_hidden-xs\u00a0\u00bb][\/vc_column][\/vc_row][vc_row full_width=\u00a0\u00bbstretch_row\u00a0\u00bb gap=\u00a0\u00bb30&Prime; content_placement=\u00a0\u00bbmiddle\u00a0\u00bb pix_particles_check=\u00a0\u00bb\u00a0\u00bb][vc_column offset=\u00a0\u00bbvc_hidden-lg vc_hidden-md\u00a0\u00bb][vc_empty_space height=\u00a0\u00bb20px\u00a0\u00bb][vc_empty_space height=\u00a0\u00bb20px\u00a0\u00bb][vc_empty_space height=\u00a0\u00bb20px\u00a0\u00bb][vc_column_text css_animation=\u00a0\u00bbfadeInUp\u00a0\u00bb][\/vc_column_text][\/vc_column][\/vc_row][\/vc_section]","protected":false},"author":1,"featured_media":0,"parent":19672,"menu_order":0,"comment_status":"closed","ping_status":"closed","template":"","meta":{"_joinchat":[],"footnotes":""},"class_list":["post-20363","page","type-page","status-publish","hentry"],"_links":{"self":[{"href":"https:\/\/gardair.it\/fr\/wp-json\/wp\/v2\/pages\/20363","targetHints":{"allow":["GET"]}}],"collection":[{"href":"https:\/\/gardair.it\/fr\/wp-json\/wp\/v2\/pages"}],"about":[{"href":"https:\/\/gardair.it\/fr\/wp-json\/wp\/v2\/types\/page"}],"author":[{"embeddable":true,"href":"https:\/\/gardair.it\/fr\/wp-json\/wp\/v2\/users\/1"}],"replies":[{"embeddable":true,"href":"https:\/\/gardair.it\/fr\/wp-json\/wp\/v2\/comments?post=20363"}],"version-history":[{"count":5,"href":"https:\/\/gardair.it\/fr\/wp-json\/wp\/v2\/pages\/20363\/revisions"}],"predecessor-version":[{"id":21460,"href":"https:\/\/gardair.it\/fr\/wp-json\/wp\/v2\/pages\/20363\/revisions\/21460"}],"up":[{"embeddable":true,"href":"https:\/\/gardair.it\/fr\/wp-json\/wp\/v2\/pages\/19672"}],"wp:attachment":[{"href":"https:\/\/gardair.it\/fr\/wp-json\/wp\/v2\/media?parent=20363"}],"curies":[{"name":"wp","href":"https:\/\/api.w.org\/{rel}","templated":true}]}}