{"id":22638,"date":"2023-10-18T11:11:40","date_gmt":"2023-10-18T09:11:40","guid":{"rendered":"https:\/\/gardair.it\/thank-you\/"},"modified":"2023-11-14T16:28:55","modified_gmt":"2023-11-14T15:28:55","slug":"thank-you","status":"publish","type":"page","link":"https:\/\/gardair.it\/fr\/thank-you\/","title":{"rendered":"Message envoy\u00e9"},"content":{"rendered":"<div class=\"wpb-content-wrapper\"><p>[vc_row pix_particles_check=\u00a0\u00bb\u00a0\u00bb][vc_column][vc_column_text css_animation=\u00a0\u00bbfadeInDown\u00a0\u00bb]<\/p>\r\n<h2 style=\"text-align: center;\"><strong>Merci d&rsquo;avoir laiss\u00e9 vos coordonn\u00e9es!<\/strong><\/h2>\r\n<p class=\"has-text-align-center\" style=\"text-align: center;\"><\/p>\r\n\r\n<p class=\"has-text-align-center\" style=\"text-align: center;\"><\/p>\r\n\r\n<p class=\"has-text-align-center\" style=\"text-align: center;\"><\/p>\r\n\r\n<p class=\"has-text-align-center\" style=\"text-align: center;\">Nos op\u00e9rateurs vous contacteront dans les plus brefs d\u00e9lais.<\/p>\r\n<p class=\"has-text-align-center\"><\/p>\r\n<p>[\/vc_column_text][\/vc_column][\/vc_row]<\/p><\/div>","protected":false},"excerpt":{"rendered":"[vc_row pix_particles_check=\u00a0\u00bb\u00a0\u00bb][vc_column][vc_column_text css_animation=\u00a0\u00bbfadeInDown\u00a0\u00bb] Merci d&rsquo;avoir laiss\u00e9 vos coordonn\u00e9es! Nos op\u00e9rateurs vous contacteront dans les plus brefs d\u00e9lais. [\/vc_column_text][\/vc_column][\/vc_row]","protected":false},"author":1,"featured_media":0,"parent":0,"menu_order":0,"comment_status":"closed","ping_status":"closed","template":"","meta":{"_joinchat":[],"footnotes":""},"class_list":["post-22638","page","type-page","status-publish","hentry"],"_links":{"self":[{"href":"https:\/\/gardair.it\/fr\/wp-json\/wp\/v2\/pages\/22638","targetHints":{"allow":["GET"]}}],"collection":[{"href":"https:\/\/gardair.it\/fr\/wp-json\/wp\/v2\/pages"}],"about":[{"href":"https:\/\/gardair.it\/fr\/wp-json\/wp\/v2\/types\/page"}],"author":[{"embeddable":true,"href":"https:\/\/gardair.it\/fr\/wp-json\/wp\/v2\/users\/1"}],"replies":[{"embeddable":true,"href":"https:\/\/gardair.it\/fr\/wp-json\/wp\/v2\/comments?post=22638"}],"version-history":[{"count":2,"href":"https:\/\/gardair.it\/fr\/wp-json\/wp\/v2\/pages\/22638\/revisions"}],"predecessor-version":[{"id":22640,"href":"https:\/\/gardair.it\/fr\/wp-json\/wp\/v2\/pages\/22638\/revisions\/22640"}],"wp:attachment":[{"href":"https:\/\/gardair.it\/fr\/wp-json\/wp\/v2\/media?parent=22638"}],"curies":[{"name":"wp","href":"https:\/\/api.w.org\/{rel}","templated":true}]}}