{"id":23402,"date":"2024-06-19T16:04:57","date_gmt":"2024-06-19T14:04:57","guid":{"rendered":"https:\/\/gardair.it\/richiedi-filtri\/"},"modified":"2024-06-21T11:23:27","modified_gmt":"2024-06-21T09:23:27","slug":"demande-de-filtres","status":"publish","type":"page","link":"https:\/\/gardair.it\/fr\/demande-de-filtres\/","title":{"rendered":"Demande de filtres"},"content":{"rendered":"<div class=\"wpb-content-wrapper\">[vc_section pix_over_visibility=\u00a0\u00bb\u00a0\u00bb css=\u00a0\u00bb.vc_custom_1718871467761{margin-bottom: 40px !important;}\u00a0\u00bb][vc_row pix_particles_check=\u00a0\u00bb\u00a0\u00bb][vc_column][vc_column_text]\r\n<h4 style=\"text-align: center;\">Remplissez les champs du formulaire ci-dessous avec les donn\u00e9es de filtrage dont vous avez besoin.<\/h4>\r\n[\/vc_column_text][vc_column_text]\r\n<p style=\"text-align: center;\">Nous produisons des filtres \u00e0 air personnalis\u00e9s et sur mesure pour r\u00e9pondre \u00e0 toutes les exigences.\r\nNotre force r\u00e9side dans notre rapidit\u00e9 de r\u00e9action et l&rsquo;organisation de livraisons rapides.<\/p>\r\n[\/vc_column_text][vc_empty_space height=\u00a0\u00bb20px\u00a0\u00bb][vc_column_text]<div class=\"wpforms-container wpforms-container-full\" id=\"wpforms-23405\"><form id=\"wpforms-form-23405\" class=\"wpforms-validate wpforms-form wpforms-ajax-form\" data-formid=\"23405\" method=\"post\" enctype=\"multipart\/form-data\" action=\"\/fr\/wp-json\/wp\/v2\/pages\/23402?wpforms_form_id=23405\" data-token=\"9178a77cb0c99e6d24e7af79632d02e9\" data-token-time=\"1778378044\"><noscript class=\"wpforms-error-noscript\">Veuillez activer JavaScript dans votre navigateur pour remplir ce formulaire.<\/noscript><div class=\"wpforms-field-container\"><div id=\"wpforms-23405-field_1-container\" class=\"wpforms-field wpforms-field-layout\" data-field-id=\"1\"><div class=\"wpforms-field-layout-rows wpforms-field-large\"><div class=\"wpforms-layout-row\"><div class=\"wpforms-layout-column wpforms-layout-column-33\"><div id=\"wpforms-23405-field_6-container\" class=\"wpforms-field wpforms-field-text\" data-field-id=\"6\"><label class=\"wpforms-field-label\" for=\"wpforms-23405-field_6\">Base (mm)<\/label><input type=\"text\" id=\"wpforms-23405-field_6\" class=\"wpforms-field-medium\" name=\"wpforms[fields][6]\" ><\/div><\/div><div class=\"wpforms-layout-column wpforms-layout-column-33\"><div id=\"wpforms-23405-field_8-container\" class=\"wpforms-field wpforms-field-text\" data-field-id=\"8\"><label class=\"wpforms-field-label\" for=\"wpforms-23405-field_8\">Hauteur (mm)<\/label><input type=\"text\" id=\"wpforms-23405-field_8\" class=\"wpforms-field-medium\" name=\"wpforms[fields][8]\" ><\/div><\/div><div class=\"wpforms-layout-column wpforms-layout-column-33\"><div id=\"wpforms-23405-field_9-container\" class=\"wpforms-field wpforms-field-text\" data-field-id=\"9\"><label class=\"wpforms-field-label\" for=\"wpforms-23405-field_9\">Profondeur (mm)<\/label><input type=\"text\" id=\"wpforms-23405-field_9\" class=\"wpforms-field-medium\" name=\"wpforms[fields][9]\" ><\/div><\/div><\/div><\/div><\/div><div id=\"wpforms-23405-field_10-container\" class=\"wpforms-field wpforms-field-layout\" data-field-id=\"10\"><div class=\"wpforms-field-layout-rows wpforms-field-large\"><div class=\"wpforms-layout-row\"><div class=\"wpforms-layout-column wpforms-layout-column-33\"><div id=\"wpforms-23405-field_12-container\" class=\"wpforms-field wpforms-field-text\" data-field-id=\"12\"><label class=\"wpforms-field-label\" for=\"wpforms-23405-field_12\">Efficacit\u00e9 du filtre<\/label><input type=\"text\" id=\"wpforms-23405-field_12\" class=\"wpforms-field-medium\" name=\"wpforms[fields][12]\" ><\/div><\/div><div class=\"wpforms-layout-column wpforms-layout-column-33\"><div id=\"wpforms-23405-field_11-container\" class=\"wpforms-field wpforms-field-text\" data-field-id=\"11\"><label class=\"wpforms-field-label\" for=\"wpforms-23405-field_11\">Quantit\u00e9<\/label><input type=\"text\" id=\"wpforms-23405-field_11\" class=\"wpforms-field-medium\" name=\"wpforms[fields][11]\" ><\/div><\/div><div class=\"wpforms-layout-column wpforms-layout-column-33\"><div id=\"wpforms-23405-field_19-container\" class=\"wpforms-field wpforms-field-file-upload\" data-field-id=\"19\"><label class=\"wpforms-field-label\" for=\"wpforms-23405-field_19\">T\u00e9l\u00e9charger les photos<\/label><div\n\t\tclass=\"wpforms-uploader \"\n\t\tdata-field-id=\"19\"\n\t\tdata-form-id=\"23405\"\n\t\tdata-input-name=\"wpforms_23405_19\"\n\t\tdata-extensions=\"jpg,png\"\n\t\tdata-max-size=\"10485760\"\n\t\tdata-max-file-number=\"3\"\n\t\tdata-post-max-size=\"157286400\"\n\t\tdata-max-parallel-uploads=\"4\"\n\t\tdata-parallel-uploads=\"true\"\n\t\tdata-file-chunk-size=\"2097152\">\n\t<div class=\"dz-message\">\n\t\t<svg  viewBox=\"0 0 640 640\" focusable=\"false\" data-icon=\"inbox\" width=\"50px\" height=\"50px\" fill=\"currentColor\" aria-hidden=\"true\">\n\t\t\t<path d=\"M352 173.3L352 384C352 401.7 337.7 416 320 416C302.3 416 288 401.7 288 384L288 173.3L246.6 214.7C234.1 227.2 213.8 227.2 201.3 214.7C188.8 202.2 188.8 181.9 201.3 169.4L297.3 73.4C309.8 60.9 330.1 60.9 342.6 73.4L438.6 169.4C451.1 181.9 451.1 202.2 438.6 214.7C426.1 227.2 405.8 227.2 393.3 214.7L352 173.3zM320 464C364.2 464 400 428.2 400 384L480 384C515.3 384 544 412.7 544 448L544 480C544 515.3 515.3 544 480 544L160 544C124.7 544 96 515.3 96 480L96 448C96 412.7 124.7 384 160 384L240 384C240 428.2 275.8 464 320 464zM464 488C477.3 488 488 477.3 488 464C488 450.7 477.3 440 464 440C450.7 440 440 450.7 440 464C440 477.3 450.7 488 464 488z\"\/>\n\t\t<\/svg>\n\n\t\t<span class=\"modern-title\">\n\t\t\t\t\t\t\tDrag &amp; Drop Files, \t\t\t\t<span>Choose Files to Upload<\/span>\n\t\t\t\t\t<\/span>\n\n\t\t\t\t\t<span class=\"modern-hint\">Vous pouvez t\u00e9l\u00e9verser jusqu\u2019\u00e0 3 fichiers.<\/span>\n\t\t\t<\/div>\n<\/div>\n\n<input\n\t\ttype=\"text\"\n\t\tautocomplete=\"off\"\n\t\treadonly\n\t\tclass=\"dropzone-input\"\n\t\tstyle=\"position:absolute!important;clip:rect(0,0,0,0)!important;height:1px!important;width:1px!important;border:0!important;overflow:hidden!important;padding:0!important;margin:0!important;\"\n\t\tid=\"wpforms-23405-field_19\"\n\t\tname=\"wpforms_23405_19\" \t\tvalue=\"\">\n<div class=\"wpforms-field-description\">T\u00e9l\u00e9charger au max 3 photos 10MB au total (.jpg, .png)<\/div><\/div><\/div><\/div><\/div><\/div><div id=\"wpforms-23405-field_13-container\" class=\"wpforms-field wpforms-field-layout\" data-field-id=\"13\"><div class=\"wpforms-field-layout-rows wpforms-field-large\"><div class=\"wpforms-layout-row\"><div class=\"wpforms-layout-column wpforms-layout-column-25\"><div id=\"wpforms-23405-field_14-container\" class=\"wpforms-field wpforms-field-name\" data-field-id=\"14\"><label class=\"wpforms-field-label\" for=\"wpforms-23405-field_14\">Nom et pr\u00e9nom <span class=\"wpforms-required-label\">*<\/span><\/label><input type=\"text\" id=\"wpforms-23405-field_14\" class=\"wpforms-field-medium wpforms-field-required\" name=\"wpforms[fields][14]\" required><\/div><\/div><div class=\"wpforms-layout-column wpforms-layout-column-25\"><div id=\"wpforms-23405-field_17-container\" class=\"wpforms-field wpforms-field-email\" data-field-id=\"17\"><label class=\"wpforms-field-label\" for=\"wpforms-23405-field_17\">Email <span class=\"wpforms-required-label\">*<\/span><\/label><input type=\"email\" id=\"wpforms-23405-field_17\" class=\"wpforms-field-medium wpforms-field-required\" name=\"wpforms[fields][17]\" spellcheck=\"false\" required><\/div><\/div><div class=\"wpforms-layout-column wpforms-layout-column-25\"><div id=\"wpforms-23405-field_18-container\" class=\"wpforms-field wpforms-field-phone\" data-field-id=\"18\"><label class=\"wpforms-field-label\" for=\"wpforms-23405-field_18\">T\u00e9l\u00e9phone <span class=\"wpforms-required-label\">*<\/span><\/label><input type=\"tel\" id=\"wpforms-23405-field_18\" class=\"wpforms-field-medium wpforms-field-required wpforms-smart-phone-field\" data-rule-smart-phone-field=\"true\" name=\"wpforms[fields][18]\" aria-label=\"T\u00e9l\u00e9phone\" required><\/div><\/div><div class=\"wpforms-layout-column wpforms-layout-column-25\"><div id=\"wpforms-23405-field_16-container\" class=\"wpforms-field wpforms-field-text\" data-field-id=\"16\"><label class=\"wpforms-field-label\" for=\"wpforms-23405-field_16\">Entreprise <span class=\"wpforms-required-label\">*<\/span><\/label><input type=\"text\" id=\"wpforms-23405-field_16\" class=\"wpforms-field-medium wpforms-field-required\" name=\"wpforms[fields][16]\" required><\/div><\/div><\/div><\/div><\/div><div id=\"wpforms-23405-field_21-container\" class=\"wpforms-field wpforms-field-textarea\" data-field-id=\"21\"><label class=\"wpforms-field-label\" for=\"wpforms-23405-field_21\">Message<\/label><textarea id=\"wpforms-23405-field_21\" class=\"wpforms-field-medium\" name=\"wpforms[fields][21]\" ><\/textarea><\/div><div id=\"wpforms-23405-field_27-container\" class=\"wpforms-field wpforms-field-checkbox\" data-field-id=\"27\"><label class=\"wpforms-field-label wpforms-label-hide\">Caselle di Spunta<\/label><ul id=\"wpforms-23405-field_27\"><li class=\"choice-1 depth-1\"><input type=\"checkbox\" id=\"wpforms-23405-field_27_1\" name=\"wpforms[fields][27][]\" value=\"J&#039;accepte les conditions de la &lt;a href=&quot;https:\/\/gardair.it\/privacy-policy\/&quot;&gt;Privacy Policy&lt;\/a&gt;\"  ><label class=\"wpforms-field-label-inline\" for=\"wpforms-23405-field_27_1\">J'accepte les conditions de la <a href=\"https:\/\/gardair.it\/privacy-policy\/\">Privacy Policy<\/a><\/label><\/li><li class=\"choice-2 depth-1 wpforms-selected\"><input type=\"checkbox\" id=\"wpforms-23405-field_27_2\" name=\"wpforms[fields][27][]\" value=\"Recevez les derni\u00e8res nouvelles, les offres exclusives et les mises \u00e0 jour de Gardair\"   checked='checked'><label class=\"wpforms-field-label-inline\" for=\"wpforms-23405-field_27_2\">Recevez les derni\u00e8res nouvelles, les offres exclusives et les mises \u00e0 jour de Gardair<\/label><\/li><\/ul><\/div><\/div><!-- .wpforms-field-container --><div class=\"wpforms-recaptcha-container wpforms-is-recaptcha wpforms-is-recaptcha-type-v3\" ><input type=\"hidden\" name=\"wpforms[recaptcha]\" value=\"\"><\/div><div class=\"wpforms-submit-container\" ><input type=\"hidden\" name=\"wpforms[id]\" value=\"23405\"><input type=\"hidden\" name=\"page_title\" value=\"\"><input type=\"hidden\" name=\"page_url\" value=\"https:\/\/gardair.it\/fr\/wp-json\/wp\/v2\/pages\/23402\"><input type=\"hidden\" name=\"url_referer\" value=\"\"><button type=\"submit\" name=\"wpforms[submit]\" id=\"wpforms-submit-23405\" class=\"wpforms-submit pulsante-filtro\" data-alt-text=\"Envoyer...\" data-submit-text=\"Envoyer\" aria-live=\"assertive\" value=\"wpforms-submit\">Envoyer<\/button><img loading=\"lazy\" decoding=\"async\" src=\"https:\/\/gardair.it\/wp-content\/plugins\/wpforms\/assets\/images\/submit-spin.svg\" class=\"wpforms-submit-spinner\" style=\"display: none;\" width=\"26\" height=\"26\" alt=\"Chargement en cours\"><\/div><\/form><\/div>  <!-- .wpforms-container -->[\/vc_column_text][\/vc_column][\/vc_row][\/vc_section][vc_section full_width=\u00a0\u00bbstretch_row\u00a0\u00bb content_placement=\u00a0\u00bbmiddle\u00a0\u00bb pix_over_visibility=\u00a0\u00bb\u00a0\u00bb css=\u00a0\u00bb.vc_custom_1718885833489{margin-bottom: 150px !important;padding-top: 40px !important;padding-bottom: 40px !important;background-color: #009e5a !important;}\u00a0\u00bb][vc_row content_placement=\u00a0\u00bbmiddle\u00a0\u00bb pix_particles_check=\u00a0\u00bb\u00a0\u00bb][vc_column width=\u00a0\u00bb2\/12&Prime; offset=\u00a0\u00bbvc_hidden-xs\u00a0\u00bb]<div class=\"pix-img-element d-inline-block \" ><div class=\"pix-img-el    text-left d-inline-block  w-100 rounded-0\"  ><img loading=\"lazy\" decoding=\"async\" class=\"card-img2 pix-img-elem rounded-0  h-1002\" style=\"width:auto;max-height:120px;\" width=\"361\" height=\"361\" srcset=\"https:\/\/gardair.it\/wp-content\/uploads\/2024\/06\/wa.png 361w, https:\/\/gardair.it\/wp-content\/uploads\/2024\/06\/wa-300x300.png 300w, https:\/\/gardair.it\/wp-content\/uploads\/2024\/06\/wa-150x150.png 150w, https:\/\/gardair.it\/wp-content\/uploads\/2024\/06\/wa-75x75.png 75w\" sizes=\"auto, (max-width: 361px) 100vw, 361px\" src=\"https:\/\/gardair.it\/wp-content\/uploads\/2024\/06\/wa.png\" alt=\"Image link\" \/><\/div><\/div>[\/vc_column][vc_column width=\u00a0\u00bb8\/12&Prime; offset=\u00a0\u00bbvc_hidden-xs\u00a0\u00bb]<div  class=\"pix-heading-el text-left \"><h3 class=\"text-white font-weight-bold h3 heading-text el-title_custom_color mb-12\" style=\"\" data-anim-type=\"\" data-anim-delay=\"0\">Ou \u00e9crivez-nous directement sur WhatsApp<\/h3><\/div><div  class=\"pix-heading-el text-left \"><h6 class=\"text-white font-weight-bold h6 heading-text el-title_custom_color mb-12\" style=\"\" data-anim-type=\"\" data-anim-delay=\"0\">Si vous ne disposez pas de toutes ces informations et que vous devez nous contacter, demandez \u00e0 Gardair.<\/h6><\/div>[\/vc_column][vc_column width=\u00a0\u00bb2\/12&Prime; offset=\u00a0\u00bbvc_hidden-xs\u00a0\u00bb]<a href=\"https:\/\/api.whatsapp.com\/send\/?phone=393400722959&amp;text&amp;type=phone_number&amp;app_absent=0\" class=\"btn mb-2     btn-white d-flex w-100  justify-content-center  align-items-center      btn-md\" target=\"_blank\" rel=\"noopener\"><svg class=\"pixfort-icon font-weight-bold   mr-2\" width=\"24\" height=\"24\"  data-name=\"Solid\/pixfort-icon-whatsapp-1\" viewBox=\"2 2 20 20\"><path fill=\"var(--pf-icon-color)\" fill-rule=\"evenodd\" d=\"M12.1620116,2 C17.5723918,2 21.9606791,6.36332006 21.9606791,11.7424467 C21.9606791,17.1217092 17.5723918,21.4847575 12.1620116,21.4847575 C10.5050773,21.4859792 8.87502715,21.0683817 7.42500694,20.2711989 L2,22 L3.76791853,16.7748617 C2.87678261,15.3060603 2.36334396,13.5820161 2.36334396,11.7424467 C2.36334396,6.36332006 6.75149463,2 12.1620116,2 Z M12.1572271,3.55075635 C7.61392392,3.55075635 3.91828661,7.22513829 3.91828661,11.7423108 C3.91828661,13.5337673 4.49939089,15.1951561 5.48744587,16.5436753 L4.46056858,19.5871536 L7.62841394,18.5808609 C8.931285,19.4331653 10.4908754,19.9340011 12.1620116,19.9340011 L12.16,19.934 L12.4087427,19.9302386 C16.7526026,19.8001163 20.2615181,16.3111324 20.3923836,11.9923726 L20.3961676,11.7423108 C20.3961676,7.22513829 16.7005303,3.55075635 12.1572271,3.55075635 Z M9.86124323,7.71170339 C9.70144297,7.33128559 9.58032832,7.31687892 9.33823571,7.30709325 C9.2463072,7.30120568 9.15422314,7.29803301 9.06210523,7.29757941 C8.74715245,7.29757941 8.41784636,7.38904821 8.2192238,7.59128532 C7.97713119,7.83687837 7.37647906,8.40988352 7.37647906,9.584979 C7.37647906,10.7600745 8.23863495,11.8965709 8.35482846,12.055588 C8.47594312,12.2143333 10.0356702,14.66075 12.4574165,15.6578007 C14.3512341,16.4379358 14.9132006,16.3656306 15.3442102,16.2741618 C15.9738424,16.139337 16.7634115,15.6768284 16.9620341,15.1183658 C17.1606566,14.5596314 17.1606566,14.082852 17.1024232,13.9817334 C17.0443264,13.8806149 16.8843895,13.8229882 16.6422969,13.7024342 C16.4002042,13.5820161 15.2230956,13.0041181 15.0002774,12.927056 C14.7822437,12.845237 14.5740523,12.8741862 14.4094676,13.1053726 C14.1769438,13.4280278 13.9493412,13.7555758 13.7652087,13.9529201 C13.6198984,14.1070443 13.3824536,14.1263438 13.1839677,14.0443889 C12.9175428,13.9337565 12.1717171,13.6734849 11.2513278,12.8596436 C10.5392666,12.2288759 10.0549447,11.4439839 9.91455555,11.2080406 C9.77402974,10.9673403 9.90006553,10.8274869 10.0113379,10.6975549 C10.1324526,10.5481876 10.2486461,10.4423121 10.3697607,10.3025946 C10.4908754,10.1630129 10.5586777,10.0907077 10.6361856,9.92693369 C10.7186147,9.76805252 10.6603812,9.60427851 10.6022845,9.48386045 C10.5441877,9.36344238 10.0598658,8.1883469 9.86124323,7.71170339 L9.86124323,7.71170339 Z\"\/><\/svg><span class=\"font-weight-bold \" >Aller au chat<\/span><\/a>[\/vc_column][\/vc_row][vc_row content_placement=\u00a0\u00bbmiddle\u00a0\u00bb pix_particles_check=\u00a0\u00bb\u00a0\u00bb][vc_column content_align=\u00a0\u00bbtext-center\u00a0\u00bb offset=\u00a0\u00bbvc_hidden-lg vc_hidden-md vc_hidden-sm\u00a0\u00bb css=\u00a0\u00bb.vc_custom_1718889754428{padding-right: 20px !important;padding-left: 20px !important;}\u00a0\u00bb]<div class=\"pix-img-element d-inline-block \" ><div class=\"pix-img-el    text-left d-inline-block  w-100 rounded-0\"  ><img loading=\"lazy\" decoding=\"async\" class=\"card-img2 pix-img-elem rounded-0  h-1002\" style=\"width:auto;max-height:120px;\" width=\"361\" height=\"361\" srcset=\"https:\/\/gardair.it\/wp-content\/uploads\/2024\/06\/wa.png 361w, https:\/\/gardair.it\/wp-content\/uploads\/2024\/06\/wa-300x300.png 300w, https:\/\/gardair.it\/wp-content\/uploads\/2024\/06\/wa-150x150.png 150w, https:\/\/gardair.it\/wp-content\/uploads\/2024\/06\/wa-75x75.png 75w\" sizes=\"auto, (max-width: 361px) 100vw, 361px\" src=\"https:\/\/gardair.it\/wp-content\/uploads\/2024\/06\/wa.png\" alt=\"Image link\" \/><\/div><\/div>[vc_empty_space height=\u00a0\u00bb20px\u00a0\u00bb]<div  class=\"pix-heading-el text-center \"><h3 class=\"text-white font-weight-bold h3 heading-text el-title_custom_color mb-12\" style=\"\" data-anim-type=\"\" data-anim-delay=\"0\">Ou \u00e9crivez-nous directement sur WhatsApp<\/h3><\/div>[vc_empty_space height=\u00a0\u00bb20px\u00a0\u00bb]<div  class=\"pix-heading-el text-center \"><h6 class=\"text-white font-weight-bold h6 heading-text el-title_custom_color mb-12\" style=\"\" data-anim-type=\"\" data-anim-delay=\"0\">Si vous ne disposez pas de toutes ces informations et que vous devez nous contacter, demandez \u00e0 Gardair.<\/h6><\/div>[vc_empty_space height=\u00a0\u00bb20px\u00a0\u00bb]<a href=\"https:\/\/api.whatsapp.com\/send\/?phone=393400722959&amp;text&amp;type=phone_number&amp;app_absent=0\" class=\"btn mb-2     btn-white d-flex w-100  justify-content-center  align-items-center      btn-md\" target=\"_blank\" rel=\"noopener\"><svg class=\"pixfort-icon font-weight-bold   mr-2\" width=\"24\" height=\"24\"  data-name=\"Solid\/pixfort-icon-whatsapp-1\" viewBox=\"2 2 20 20\"><path fill=\"var(--pf-icon-color)\" fill-rule=\"evenodd\" d=\"M12.1620116,2 C17.5723918,2 21.9606791,6.36332006 21.9606791,11.7424467 C21.9606791,17.1217092 17.5723918,21.4847575 12.1620116,21.4847575 C10.5050773,21.4859792 8.87502715,21.0683817 7.42500694,20.2711989 L2,22 L3.76791853,16.7748617 C2.87678261,15.3060603 2.36334396,13.5820161 2.36334396,11.7424467 C2.36334396,6.36332006 6.75149463,2 12.1620116,2 Z M12.1572271,3.55075635 C7.61392392,3.55075635 3.91828661,7.22513829 3.91828661,11.7423108 C3.91828661,13.5337673 4.49939089,15.1951561 5.48744587,16.5436753 L4.46056858,19.5871536 L7.62841394,18.5808609 C8.931285,19.4331653 10.4908754,19.9340011 12.1620116,19.9340011 L12.16,19.934 L12.4087427,19.9302386 C16.7526026,19.8001163 20.2615181,16.3111324 20.3923836,11.9923726 L20.3961676,11.7423108 C20.3961676,7.22513829 16.7005303,3.55075635 12.1572271,3.55075635 Z M9.86124323,7.71170339 C9.70144297,7.33128559 9.58032832,7.31687892 9.33823571,7.30709325 C9.2463072,7.30120568 9.15422314,7.29803301 9.06210523,7.29757941 C8.74715245,7.29757941 8.41784636,7.38904821 8.2192238,7.59128532 C7.97713119,7.83687837 7.37647906,8.40988352 7.37647906,9.584979 C7.37647906,10.7600745 8.23863495,11.8965709 8.35482846,12.055588 C8.47594312,12.2143333 10.0356702,14.66075 12.4574165,15.6578007 C14.3512341,16.4379358 14.9132006,16.3656306 15.3442102,16.2741618 C15.9738424,16.139337 16.7634115,15.6768284 16.9620341,15.1183658 C17.1606566,14.5596314 17.1606566,14.082852 17.1024232,13.9817334 C17.0443264,13.8806149 16.8843895,13.8229882 16.6422969,13.7024342 C16.4002042,13.5820161 15.2230956,13.0041181 15.0002774,12.927056 C14.7822437,12.845237 14.5740523,12.8741862 14.4094676,13.1053726 C14.1769438,13.4280278 13.9493412,13.7555758 13.7652087,13.9529201 C13.6198984,14.1070443 13.3824536,14.1263438 13.1839677,14.0443889 C12.9175428,13.9337565 12.1717171,13.6734849 11.2513278,12.8596436 C10.5392666,12.2288759 10.0549447,11.4439839 9.91455555,11.2080406 C9.77402974,10.9673403 9.90006553,10.8274869 10.0113379,10.6975549 C10.1324526,10.5481876 10.2486461,10.4423121 10.3697607,10.3025946 C10.4908754,10.1630129 10.5586777,10.0907077 10.6361856,9.92693369 C10.7186147,9.76805252 10.6603812,9.60427851 10.6022845,9.48386045 C10.5441877,9.36344238 10.0598658,8.1883469 9.86124323,7.71170339 L9.86124323,7.71170339 Z\"\/><\/svg><span class=\"font-weight-bold \" >Aller au chat<\/span><\/a>[\/vc_column][\/vc_row][\/vc_section]<\/div>","protected":false},"excerpt":{"rendered":"[vc_section pix_over_visibility=\u00a0\u00bb\u00a0\u00bb css=\u00a0\u00bb.vc_custom_1718871467761{margin-bottom: 40px !important;}\u00a0\u00bb][vc_row pix_particles_check=\u00a0\u00bb\u00a0\u00bb][vc_column][vc_column_text] Remplissez les champs du formulaire ci-dessous avec les donn\u00e9es de filtrage dont vous avez besoin. [\/vc_column_text][vc_column_text] Nous produisons des filtres \u00e0 air personnalis\u00e9s et sur mesure pour r\u00e9pondre \u00e0 toutes les exigences. Notre force&#8230;","protected":false},"author":1,"featured_media":0,"parent":0,"menu_order":0,"comment_status":"closed","ping_status":"closed","template":"","meta":{"_joinchat":[],"footnotes":""},"class_list":["post-23402","page","type-page","status-publish","hentry"],"_links":{"self":[{"href":"https:\/\/gardair.it\/fr\/wp-json\/wp\/v2\/pages\/23402","targetHints":{"allow":["GET"]}}],"collection":[{"href":"https:\/\/gardair.it\/fr\/wp-json\/wp\/v2\/pages"}],"about":[{"href":"https:\/\/gardair.it\/fr\/wp-json\/wp\/v2\/types\/page"}],"author":[{"embeddable":true,"href":"https:\/\/gardair.it\/fr\/wp-json\/wp\/v2\/users\/1"}],"replies":[{"embeddable":true,"href":"https:\/\/gardair.it\/fr\/wp-json\/wp\/v2\/comments?post=23402"}],"version-history":[{"count":3,"href":"https:\/\/gardair.it\/fr\/wp-json\/wp\/v2\/pages\/23402\/revisions"}],"predecessor-version":[{"id":23411,"href":"https:\/\/gardair.it\/fr\/wp-json\/wp\/v2\/pages\/23402\/revisions\/23411"}],"wp:attachment":[{"href":"https:\/\/gardair.it\/fr\/wp-json\/wp\/v2\/media?parent=23402"}],"curies":[{"name":"wp","href":"https:\/\/api.w.org\/{rel}","templated":true}]}}