{"id":23848,"date":"2021-06-28T09:07:35","date_gmt":"2021-06-28T09:07:35","guid":{"rendered":"https:\/\/gardair.it\/prodotti\/"},"modified":"2025-03-12T16:54:48","modified_gmt":"2025-03-12T15:54:48","slug":"produits","status":"publish","type":"page","link":"https:\/\/gardair.it\/fr\/produits\/","title":{"rendered":"Produits"},"content":{"rendered":"<div class=\"wpb-content-wrapper\">[vc_row pix_particles_check=\u00a0\u00bb\u00a0\u00bb][vc_column content_align=\u00a0\u00bbtext-center\u00a0\u00bb][vc_empty_space height=\u00a0\u00bb40px\u00a0\u00bb]<div  class=\"pix-heading-el text-center \"><div class=\"d-inline-block\" style=\"max-width:1000px;\"><h4 class=\"text-body-default h4 heading-text el-title_custom_color mb-12\" style=\"\" data-anim-type=\"\" data-anim-delay=\"0\">Gardair est synonyme d'excellence dans les domaines de la <b>Filtration<\/b>, de la <b>Diffusion<\/b> et de la <b>Ventilation<\/b>, offrant des solutions novatrices pour assurer une qualit\u00e9 d'air maximale.<\/h4><\/div><\/div>[vc_empty_space height=\u00a0\u00bb30px\u00a0\u00bb]<div  class=\"pix-heading-el text-center \"><div class=\"d-inline-block\" style=\"max-width:1000px;\"><h6 class=\"text-body-default h6 heading-text el-title_custom_color mb-12\" style=\"\" data-anim-type=\"\" data-anim-delay=\"0\">Explorez chaque ligne de produits et d\u00e9couvrez les solutions les plus adapt\u00e9es \u00e0 vos besoins: cliquez pour en savoir plus !<\/h6><\/div><\/div>[vc_empty_space height=\u00a0\u00bb80px\u00a0\u00bb][\/vc_column][\/vc_row][vc_row pix_particles_check=\u00a0\u00bb\u00a0\u00bb css=\u00a0\u00bb.vc_custom_1738163395591{background-color: #FFFFFF !important;border-color: #EEEEEE !important;}\u00a0\u00bb][vc_column width=\u00a0\u00bb1\/3&Prime;][vc_single_image image=\u00a0\u00bb14394&Prime; alignment=\u00a0\u00bbcenter\u00a0\u00bb onclick=\u00a0\u00bbcustom_link\u00a0\u00bb css_animation=\u00a0\u00bbfadeInUp\u00a0\u00bb link=\u00a0\u00bbhttps:\/\/gardair.it\/filtrazione\/\u00a0\u00bb][vc_btn title=\u00a0\u00bbFILTRATION\u00a0\u00bb color=\u00a0\u00bbprimary\u00a0\u00bb align=\u00a0\u00bbcenter\u00a0\u00bb css_animation=\u00a0\u00bbfadeInUp\u00a0\u00bb css=\u00a0\u00bb\u00a0\u00bb link=\u00a0\u00bburl:https%3A%2F%2Fgardair.it%2Ffr%2Ffiltration%2F\u00a0\u00bb][\/vc_column][vc_column width=\u00a0\u00bb1\/3&Prime;][vc_single_image image=\u00a0\u00bb14395&Prime; alignment=\u00a0\u00bbcenter\u00a0\u00bb onclick=\u00a0\u00bbcustom_link\u00a0\u00bb css_animation=\u00a0\u00bbfadeInUp\u00a0\u00bb link=\u00a0\u00bbhttps:\/\/gardair.it\/diffusione-aria\/\u00a0\u00bb][vc_btn title=\u00a0\u00bbDIFFUSION\u00a0\u00bb color=\u00a0\u00bbprimary\u00a0\u00bb align=\u00a0\u00bbcenter\u00a0\u00bb css_animation=\u00a0\u00bbfadeInUp\u00a0\u00bb css=\u00a0\u00bb\u00a0\u00bb link=\u00a0\u00bburl:https%3A%2F%2Fgardair.it%2Ffr%2Fdiffusion\u00a0\u00bb][\/vc_column][vc_column width=\u00a0\u00bb1\/3&Prime;][vc_single_image image=\u00a0\u00bb14397&Prime; alignment=\u00a0\u00bbcenter\u00a0\u00bb onclick=\u00a0\u00bbcustom_link\u00a0\u00bb css_animation=\u00a0\u00bbfadeInUp\u00a0\u00bb link=\u00a0\u00bbhttps:\/\/gardair.it\/ventilazione\/\u00a0\u00bb][vc_btn title=\u00a0\u00bbVENTILATION\u00a0\u00bb color=\u00a0\u00bbprimary\u00a0\u00bb align=\u00a0\u00bbcenter\u00a0\u00bb css_animation=\u00a0\u00bbfadeInUp\u00a0\u00bb css=\u00a0\u00bb\u00a0\u00bb link=\u00a0\u00bburl:https%3A%2F%2Fgardair.it%2Ffr%2Fventilation\u00a0\u00bb][\/vc_column][\/vc_row]<\/div>","protected":false},"excerpt":{"rendered":"[vc_row pix_particles_check=\u00a0\u00bb\u00a0\u00bb][vc_column content_align=\u00a0\u00bbtext-center\u00a0\u00bb][vc_empty_space height=\u00a0\u00bb40px\u00a0\u00bb][vc_empty_space height=\u00a0\u00bb30px\u00a0\u00bb][vc_empty_space height=\u00a0\u00bb80px\u00a0\u00bb][\/vc_column][\/vc_row][vc_row pix_particles_check=\u00a0\u00bb\u00a0\u00bb css=\u00a0\u00bb.vc_custom_1738163395591{background-color: #FFFFFF !important;border-color: #EEEEEE !important;}\u00a0\u00bb][vc_column width=\u00a0\u00bb1\/3&Prime;][vc_single_image image=\u00a0\u00bb14394&Prime; alignment=\u00a0\u00bbcenter\u00a0\u00bb onclick=\u00a0\u00bbcustom_link\u00a0\u00bb css_animation=\u00a0\u00bbfadeInUp\u00a0\u00bb link=\u00a0\u00bbhttps:\/\/gardair.it\/filtrazione\/\u00a0\u00bb][vc_btn title=\u00a0\u00bbFILTRATION\u00a0\u00bb color=\u00a0\u00bbprimary\u00a0\u00bb align=\u00a0\u00bbcenter\u00a0\u00bb css_animation=\u00a0\u00bbfadeInUp\u00a0\u00bb css=\u00a0\u00bb\u00a0\u00bb link=\u00a0\u00bburl:https%3A%2F%2Fgardair.it%2Ffr%2Ffiltration%2F\u00a0\u00bb][\/vc_column][vc_column width=\u00a0\u00bb1\/3&Prime;][vc_single_image image=\u00a0\u00bb14395&Prime; alignment=\u00a0\u00bbcenter\u00a0\u00bb onclick=\u00a0\u00bbcustom_link\u00a0\u00bb css_animation=\u00a0\u00bbfadeInUp\u00a0\u00bb link=\u00a0\u00bbhttps:\/\/gardair.it\/diffusione-aria\/\u00a0\u00bb][vc_btn title=\u00a0\u00bbDIFFUSION\u00a0\u00bb color=\u00a0\u00bbprimary\u00a0\u00bb align=\u00a0\u00bbcenter\u00a0\u00bb css_animation=\u00a0\u00bbfadeInUp\u00a0\u00bb css=\u00a0\u00bb\u00a0\u00bb link=\u00a0\u00bburl:https%3A%2F%2Fgardair.it%2Ffr%2Fdiffusion\u00a0\u00bb][\/vc_column][vc_column width=\u00a0\u00bb1\/3&Prime;][vc_single_image image=\u00a0\u00bb14397&Prime; alignment=\u00a0\u00bbcenter\u00a0\u00bb onclick=\u00a0\u00bbcustom_link\u00a0\u00bb&#8230;","protected":false},"author":1,"featured_media":0,"parent":0,"menu_order":0,"comment_status":"closed","ping_status":"closed","template":"","meta":{"_joinchat":[],"footnotes":""},"class_list":["post-23848","page","type-page","status-publish","hentry"],"_links":{"self":[{"href":"https:\/\/gardair.it\/fr\/wp-json\/wp\/v2\/pages\/23848","targetHints":{"allow":["GET"]}}],"collection":[{"href":"https:\/\/gardair.it\/fr\/wp-json\/wp\/v2\/pages"}],"about":[{"href":"https:\/\/gardair.it\/fr\/wp-json\/wp\/v2\/types\/page"}],"author":[{"embeddable":true,"href":"https:\/\/gardair.it\/fr\/wp-json\/wp\/v2\/users\/1"}],"replies":[{"embeddable":true,"href":"https:\/\/gardair.it\/fr\/wp-json\/wp\/v2\/comments?post=23848"}],"version-history":[{"count":5,"href":"https:\/\/gardair.it\/fr\/wp-json\/wp\/v2\/pages\/23848\/revisions"}],"predecessor-version":[{"id":23853,"href":"https:\/\/gardair.it\/fr\/wp-json\/wp\/v2\/pages\/23848\/revisions\/23853"}],"wp:attachment":[{"href":"https:\/\/gardair.it\/fr\/wp-json\/wp\/v2\/media?parent=23848"}],"curies":[{"name":"wp","href":"https:\/\/api.w.org\/{rel}","templated":true}]}}